{"id":16,"date":"2019-07-24T08:54:34","date_gmt":"2019-07-24T06:54:34","guid":{"rendered":"http:\/\/haardterbalkontheater.de\/?page_id=16"},"modified":"2025-01-01T19:10:56","modified_gmt":"2025-01-01T18:10:56","slug":"ein-startseiten-abschnitt","status":"publish","type":"page","link":"https:\/\/haardterbalkontheater.de\/index.php\/ein-startseiten-abschnitt\/","title":{"rendered":"Aktuelles"},"content":{"rendered":"<p>Die ersten beiden Auftritte im Gew\u00f6lbekeller der Familie Schmitt auf der Haardt liegen hinter uns. Jetzt freuen wir uns auf unsere Auftritte am 17. und 18. Januar in Lindenberg.\u00a0<br \/><br \/><\/p>\n<p>Wir spielen\u00a0 <strong>&#8222;Es f\u00e4hrt kein Zug nach Irgendwo&#8220;\u00a0 von Winnie Abel<\/strong> als Kom\u00f6die in Pf\u00e4lzer Mundart:<\/p>\n<p>Sind Sie schon mal schwer bepackt durch den Bahnhof gesprintet, weil das Gleis spontan ge\u00e4ndert wurde? Oder durch einen Zug mit falscher Wagenreihung geirrt? Und standen Sie schon mal stundenlang mit einem Triebwerkschaden auf offener Strecke &#8211; im Hochsommer, bei ausgefallener Klimaanlage? \u201eKlar! Ist doch typisch Bahn!\u201c, sagen Sie? Gro\u00dfartig! Denn dann sind Sie bestens vorbereitet auf dieses fulminante Bahn-Abenteuer: Der ICE 6948 wird einen au\u00dferplanm\u00e4\u00dfigen Halt einlegen m\u00fcssen und Sie und die anderen Fahrg\u00e4ste an einem trostlosen Provinzbahnhof zur\u00fccklassen. Ohne Handyempfang, ohne Taxis, ohne eine Aussicht auf Weiterfahrt. Stattdessen erfahren Sie, dass unter den Fahrg\u00e4sten wom\u00f6glich ein Psychopath ist &#8211; und ein unglaublich witziges Nervenchaos nimmt seinen Lauf. Ihre Mitreisenden bei dieser spannenden Bahn-Odyssee sind: ein illustrer Kegel-Club, eine gehetzter Business-Typ, ein eigenwilliger Verschw\u00f6rungstheoretiker und eine abgedrehte Motivationstrainerin.<\/p>\n<p>Das klingt vielversprechend? Dann holen Sie sich eine Fahrkarte und seien Sie dabei, wenn es hei\u00dft: \u201eSenk ju vor tr\u00e4welling wis Deutsche Bahn!\u201c<\/p>\n<p>Die Zuschauer werden als Mitreisende immer wieder am\u00fcsant und unkompliziert ins Spielgeschehen eingebunden.<\/p>\n<p>Termine:<\/p>\n<p>17.01.\/18.01.25 Festhalle Lindenberg<\/p>\n<p>Karten sind per Mail unter christiane.huber@onlinehome.de (Hinterlegung an der Abendkasse) und in Lambrecht in der Schellbach Apotheke erh\u00e4ltlich.<\/p>\n<p>Impressionen aus den Proben:<\/p>\n\n\n<figure class=\"wp-block-gallery has-nested-images columns-default is-cropped wp-block-gallery-1 is-layout-flex wp-block-gallery-is-layout-flex\">\n<figure class=\"wp-block-image size-large\"><img loading=\"lazy\" decoding=\"async\" width=\"768\" height=\"1024\" data-id=\"209\" src=\"https:\/\/haardterbalkontheater.de\/wp-content\/uploads\/2024\/07\/IMG_7207-768x1024.jpeg\" alt=\"\" class=\"wp-image-209\" srcset=\"https:\/\/haardterbalkontheater.de\/wp-content\/uploads\/2024\/07\/IMG_7207-768x1024.jpeg 768w, https:\/\/haardterbalkontheater.de\/wp-content\/uploads\/2024\/07\/IMG_7207-225x300.jpeg 225w, https:\/\/haardterbalkontheater.de\/wp-content\/uploads\/2024\/07\/IMG_7207-1152x1536.jpeg 1152w, https:\/\/haardterbalkontheater.de\/wp-content\/uploads\/2024\/07\/IMG_7207.jpeg 1200w\" sizes=\"(max-width: 767px) 89vw, (max-width: 1000px) 54vw, (max-width: 1071px) 543px, 580px\" \/><\/figure>\n\n\n\n<figure class=\"wp-block-image size-large\"><img loading=\"lazy\" decoding=\"async\" width=\"768\" height=\"1024\" data-id=\"207\" src=\"https:\/\/haardterbalkontheater.de\/wp-content\/uploads\/2024\/07\/IMG_7204-768x1024.jpeg\" alt=\"\" class=\"wp-image-207\" srcset=\"https:\/\/haardterbalkontheater.de\/wp-content\/uploads\/2024\/07\/IMG_7204-768x1024.jpeg 768w, https:\/\/haardterbalkontheater.de\/wp-content\/uploads\/2024\/07\/IMG_7204-225x300.jpeg 225w, https:\/\/haardterbalkontheater.de\/wp-content\/uploads\/2024\/07\/IMG_7204-1152x1536.jpeg 1152w, https:\/\/haardterbalkontheater.de\/wp-content\/uploads\/2024\/07\/IMG_7204.jpeg 1200w\" sizes=\"(max-width: 767px) 89vw, (max-width: 1000px) 54vw, (max-width: 1071px) 543px, 580px\" \/><\/figure>\n\n\n\n<figure class=\"wp-block-image size-large\"><img loading=\"lazy\" decoding=\"async\" width=\"768\" height=\"1024\" data-id=\"208\" src=\"https:\/\/haardterbalkontheater.de\/wp-content\/uploads\/2024\/07\/IMG_7210-768x1024.jpeg\" alt=\"\" class=\"wp-image-208\" srcset=\"https:\/\/haardterbalkontheater.de\/wp-content\/uploads\/2024\/07\/IMG_7210-768x1024.jpeg 768w, https:\/\/haardterbalkontheater.de\/wp-content\/uploads\/2024\/07\/IMG_7210-225x300.jpeg 225w, https:\/\/haardterbalkontheater.de\/wp-content\/uploads\/2024\/07\/IMG_7210-1152x1536.jpeg 1152w, https:\/\/haardterbalkontheater.de\/wp-content\/uploads\/2024\/07\/IMG_7210.jpeg 1200w\" sizes=\"(max-width: 767px) 89vw, (max-width: 1000px) 54vw, (max-width: 1071px) 543px, 580px\" \/><\/figure>\n\n\n\n<figure class=\"wp-block-image size-large\"><img loading=\"lazy\" decoding=\"async\" width=\"768\" height=\"1024\" data-id=\"206\" src=\"https:\/\/haardterbalkontheater.de\/wp-content\/uploads\/2024\/07\/IMG_7216-768x1024.jpeg\" alt=\"\" class=\"wp-image-206\" srcset=\"https:\/\/haardterbalkontheater.de\/wp-content\/uploads\/2024\/07\/IMG_7216-768x1024.jpeg 768w, https:\/\/haardterbalkontheater.de\/wp-content\/uploads\/2024\/07\/IMG_7216-225x300.jpeg 225w, https:\/\/haardterbalkontheater.de\/wp-content\/uploads\/2024\/07\/IMG_7216-1152x1536.jpeg 1152w, https:\/\/haardterbalkontheater.de\/wp-content\/uploads\/2024\/07\/IMG_7216.jpeg 1200w\" sizes=\"(max-width: 767px) 89vw, (max-width: 1000px) 54vw, (max-width: 1071px) 543px, 580px\" \/><\/figure>\n\n\n\n<figure class=\"wp-block-image size-large\"><img loading=\"lazy\" decoding=\"async\" width=\"768\" height=\"1024\" data-id=\"205\" src=\"https:\/\/haardterbalkontheater.de\/wp-content\/uploads\/2024\/07\/IMG_7220-768x1024.jpeg\" alt=\"\" class=\"wp-image-205\" srcset=\"https:\/\/haardterbalkontheater.de\/wp-content\/uploads\/2024\/07\/IMG_7220-768x1024.jpeg 768w, https:\/\/haardterbalkontheater.de\/wp-content\/uploads\/2024\/07\/IMG_7220-225x300.jpeg 225w, https:\/\/haardterbalkontheater.de\/wp-content\/uploads\/2024\/07\/IMG_7220-1152x1536.jpeg 1152w, https:\/\/haardterbalkontheater.de\/wp-content\/uploads\/2024\/07\/IMG_7220.jpeg 1200w\" sizes=\"(max-width: 767px) 89vw, (max-width: 1000px) 54vw, (max-width: 1071px) 543px, 580px\" \/><\/figure>\n\n\n\n<figure class=\"wp-block-image size-large\"><img loading=\"lazy\" decoding=\"async\" width=\"768\" height=\"1024\" data-id=\"210\" src=\"https:\/\/haardterbalkontheater.de\/wp-content\/uploads\/2024\/07\/IMG_7223-768x1024.jpeg\" alt=\"\" class=\"wp-image-210\" srcset=\"https:\/\/haardterbalkontheater.de\/wp-content\/uploads\/2024\/07\/IMG_7223-768x1024.jpeg 768w, https:\/\/haardterbalkontheater.de\/wp-content\/uploads\/2024\/07\/IMG_7223-225x300.jpeg 225w, https:\/\/haardterbalkontheater.de\/wp-content\/uploads\/2024\/07\/IMG_7223-1152x1536.jpeg 1152w, https:\/\/haardterbalkontheater.de\/wp-content\/uploads\/2024\/07\/IMG_7223.jpeg 1200w\" sizes=\"(max-width: 767px) 89vw, (max-width: 1000px) 54vw, (max-width: 1071px) 543px, 580px\" \/><\/figure>\n\n\n\n<figure class=\"wp-block-image size-large\"><img loading=\"lazy\" decoding=\"async\" width=\"768\" height=\"1024\" data-id=\"211\" src=\"https:\/\/haardterbalkontheater.de\/wp-content\/uploads\/2024\/07\/PHOTO-2024-07-12-08-32-02-2-768x1024.jpeg\" alt=\"\" class=\"wp-image-211\" srcset=\"https:\/\/haardterbalkontheater.de\/wp-content\/uploads\/2024\/07\/PHOTO-2024-07-12-08-32-02-2-768x1024.jpeg 768w, https:\/\/haardterbalkontheater.de\/wp-content\/uploads\/2024\/07\/PHOTO-2024-07-12-08-32-02-2-225x300.jpeg 225w, https:\/\/haardterbalkontheater.de\/wp-content\/uploads\/2024\/07\/PHOTO-2024-07-12-08-32-02-2-1152x1536.jpeg 1152w, https:\/\/haardterbalkontheater.de\/wp-content\/uploads\/2024\/07\/PHOTO-2024-07-12-08-32-02-2.jpeg 1200w\" sizes=\"(max-width: 767px) 89vw, (max-width: 1000px) 54vw, (max-width: 1071px) 543px, 580px\" \/><\/figure>\n<\/figure>\n\n\n\n<p><strong>Wichtig!<\/strong><\/p>\n\n\n\n<p>Auch wir werden nicht j\u00fcnger und unsere kleine aber feine Theatergruppe ben\u00f6tigt dringend frisches Blut. Daher sind wir immer auf der Suche nach Leuten mit Interesse am Schauspiel von Pf\u00e4lzer Mundartkom\u00f6dien. Meldet euch doch einfach unter mamum@gmx.de oder unter 06321\/83360. Wir freuen uns \u00fcber jede und jeden auch noch f\u00fcr diese Spielzeit!<\/p>\n","protected":false},"excerpt":{"rendered":"<p>Die ersten beiden Auftritte im Gew\u00f6lbekeller der Familie Schmitt auf der Haardt liegen hinter uns. Jetzt freuen wir uns auf unsere Auftritte am 17. und 18. Januar in Lindenberg.\u00a0 Wir spielen\u00a0 &#8222;Es f\u00e4hrt kein Zug nach Irgendwo&#8220;\u00a0 von Winnie Abel als Kom\u00f6die in Pf\u00e4lzer Mundart: Sind Sie schon mal schwer bepackt durch den Bahnhof gesprintet, &hellip; <\/p>\n<p class=\"link-more\"><a href=\"https:\/\/haardterbalkontheater.de\/index.php\/ein-startseiten-abschnitt\/\" class=\"more-link\"><span class=\"screen-reader-text\">\u201eAktuelles\u201c<\/span> weiterlesen<\/a><\/p>\n","protected":false},"author":3,"featured_media":161,"parent":0,"menu_order":0,"comment_status":"closed","ping_status":"closed","template":"","meta":{"_monsterinsights_skip_tracking":false,"_monsterinsights_sitenote_active":false,"_monsterinsights_sitenote_note":"","_monsterinsights_sitenote_category":0,"ngg_post_thumbnail":0,"footnotes":""},"jetpack_sharing_enabled":true,"_links":{"self":[{"href":"https:\/\/haardterbalkontheater.de\/index.php\/wp-json\/wp\/v2\/pages\/16"}],"collection":[{"href":"https:\/\/haardterbalkontheater.de\/index.php\/wp-json\/wp\/v2\/pages"}],"about":[{"href":"https:\/\/haardterbalkontheater.de\/index.php\/wp-json\/wp\/v2\/types\/page"}],"author":[{"embeddable":true,"href":"https:\/\/haardterbalkontheater.de\/index.php\/wp-json\/wp\/v2\/users\/3"}],"replies":[{"embeddable":true,"href":"https:\/\/haardterbalkontheater.de\/index.php\/wp-json\/wp\/v2\/comments?post=16"}],"version-history":[{"count":14,"href":"https:\/\/haardterbalkontheater.de\/index.php\/wp-json\/wp\/v2\/pages\/16\/revisions"}],"predecessor-version":[{"id":221,"href":"https:\/\/haardterbalkontheater.de\/index.php\/wp-json\/wp\/v2\/pages\/16\/revisions\/221"}],"wp:featuredmedia":[{"embeddable":true,"href":"https:\/\/haardterbalkontheater.de\/index.php\/wp-json\/wp\/v2\/media\/161"}],"wp:attachment":[{"href":"https:\/\/haardterbalkontheater.de\/index.php\/wp-json\/wp\/v2\/media?parent=16"}],"curies":[{"name":"wp","href":"https:\/\/api.w.org\/{rel}","templated":true}]}}